{"id":1702,"date":"2021-08-02T22:14:29","date_gmt":"2021-12-31T19:48:47","guid":{"rendered":"https:\/\/bague-auto.be\/produit\/complete-set-schroeven-ringen\/"},"modified":"2023-01-02T21:53:13","modified_gmt":"2023-01-02T21:53:13","slug":"complete-set-schroeven-ringen","status":"publish","type":"product","link":"https:\/\/bague-auto.be\/nl\/produit\/complete-set-schroeven-ringen\/","title":{"rendered":"Complete set schroeven + ringen"},"content":{"rendered":"<p>[et_pb_section fb_built=&#8221;1&#8243; admin_label=&#8221;Header&#8221; _builder_version=&#8221;4.16&#8243; custom_padding=&#8221;0px||30px||false|false&#8221; locked=&#8221;off&#8221; global_colors_info=&#8221;{}&#8221;][et_pb_row use_custom_gutter=&#8221;on&#8221; gutter_width=&#8221;1&#8243; _builder_version=&#8221;4.16&#8243; background_color=&#8221;#0f003a&#8221; width=&#8221;100%&#8221; max_width=&#8221;2061px&#8221; custom_margin=&#8221;|auto|-14px|auto||&#8221; custom_padding=&#8221;50px|16px|0px|16px|false|true&#8221; custom_width_px__hover=&#8221;1080px&#8221; custom_width_px__hover_enabled=&#8221;1080px&#8221; custom_width_percent__hover=&#8221;80%&#8221; custom_width_percent__hover_enabled=&#8221;80%&#8221; locked=&#8221;off&#8221; global_colors_info=&#8221;{}&#8221; make_fullwidth__hover=&#8221;off&#8221; make_fullwidth__hover_enabled=&#8221;off&#8221; use_custom_width__hover=&#8221;off&#8221; use_custom_width__hover_enabled=&#8221;off&#8221; width_unit__hover=&#8221;on&#8221; width_unit__hover_enabled=&#8221;on&#8221; use_custom_gutter__hover=&#8221;off&#8221; use_custom_gutter__hover_enabled=&#8221;off&#8221; gutter_width__hover=&#8221;3&#8243; gutter_width__hover_enabled=&#8221;3&#8243; make_equal__hover=&#8221;off&#8221; make_equal__hover_enabled=&#8221;off&#8221;][et_pb_column type=&#8221;4_4&#8243; _builder_version=&#8221;4.16&#8243; custom_padding=&#8221;|||&#8221; global_colors_info=&#8221;{}&#8221; custom_padding__hover=&#8221;|||&#8221;][et_pb_text _builder_version=&#8221;4.16&#8243; text_font=&#8221;Roboto||||||||&#8221; text_font_size=&#8221;12px&#8221; text_line_height=&#8221;1.5em&#8221; link_text_color=&#8221;#FFFFFF&#8221; link_font_size=&#8221;22px&#8221; background_layout=&#8221;dark&#8221; min_height=&#8221;23.7px&#8221; custom_margin=&#8221;-12px||0px|||&#8221; custom_margin_tablet=&#8221;&#8221; custom_margin_phone=&#8221;-12px||5px||false|false&#8221; custom_margin_last_edited=&#8221;on|phone&#8221; custom_padding=&#8221;||12px||false|false&#8221; header_font_size_tablet=&#8221;&#8221; header_font_size_phone=&#8221;20px&#8221; header_font_size_last_edited=&#8221;on|phone&#8221; global_colors_info=&#8221;{}&#8221;]<\/p>\n<p style=\"text-align: center;\"><a href=\"https:\/\/www.bague-auto.be\">www.bague-auto.be<\/a><\/p>\n<p>[\/et_pb_text][\/et_pb_column][\/et_pb_row][et_pb_row use_custom_gutter=&#8221;on&#8221; gutter_width=&#8221;2&#8243; make_equal=&#8221;on&#8221; custom_padding_last_edited=&#8221;on|tablet&#8221; _builder_version=&#8221;4.16&#8243; background_image=&#8221;https:\/\/bague-auto.be\/wp-content\/uploads\/2021\/08\/Capture-decran-2021-07-15-a-00.59.34.png&#8221; width=&#8221;100%&#8221; max_width=&#8221;1919px&#8221; height=&#8221;176px&#8221; custom_margin=&#8221;|auto|0px|auto|false|false&#8221; custom_padding=&#8221;46px|30px|46px|30px|true|true&#8221; custom_padding_tablet=&#8221;30px||30px||true|false&#8221; custom_padding_phone=&#8221;26px|30px|26px|30px|true|false&#8221; custom_width_px__hover=&#8221;1080px&#8221; custom_width_px__hover_enabled=&#8221;1080px&#8221; custom_width_percent__hover=&#8221;80%&#8221; custom_width_percent__hover_enabled=&#8221;80%&#8221; locked=&#8221;off&#8221; global_colors_info=&#8221;{}&#8221; background_color_gradient_start__hover=&#8221;#2b87da&#8221; background_color_gradient_start__hover_enabled=&#8221;#2b87da&#8221; background_color_gradient_end__hover=&#8221;#29c4a9&#8243; background_color_gradient_end__hover_enabled=&#8221;#29c4a9&#8243; use_background_color_gradient__hover=&#8221;off&#8221; use_background_color_gradient__hover_enabled=&#8221;off&#8221; background_color_gradient_type__hover=&#8221;linear&#8221; background_color_gradient_type__hover_enabled=&#8221;linear&#8221; background_color_gradient_direction__hover=&#8221;180deg&#8221; background_color_gradient_direction__hover_enabled=&#8221;180deg&#8221; background_color_gradient_direction_radial__hover=&#8221;center&#8221; background_color_gradient_direction_radial__hover_enabled=&#8221;center&#8221; background_color_gradient_start_position__hover=&#8221;0%&#8221; background_color_gradient_start_position__hover_enabled=&#8221;0%&#8221; background_color_gradient_end_position__hover=&#8221;100%&#8221; background_color_gradient_end_position__hover_enabled=&#8221;100%&#8221; background_color_gradient_overlays_image__hover=&#8221;off&#8221; background_color_gradient_overlays_image__hover_enabled=&#8221;off&#8221; make_fullwidth__hover=&#8221;off&#8221; make_fullwidth__hover_enabled=&#8221;off&#8221; use_custom_width__hover=&#8221;off&#8221; use_custom_width__hover_enabled=&#8221;off&#8221; width_unit__hover=&#8221;on&#8221; width_unit__hover_enabled=&#8221;on&#8221; use_custom_gutter__hover=&#8221;off&#8221; use_custom_gutter__hover_enabled=&#8221;off&#8221; gutter_width__hover=&#8221;3&#8243; gutter_width__hover_enabled=&#8221;3&#8243; make_equal__hover=&#8221;off&#8221; make_equal__hover_enabled=&#8221;off&#8221; background_color_gradient_stops__hover=&#8221;#2b87da 0%|#29c4a9 100%&#8221;][et_pb_column type=&#8221;4_4&#8243; _builder_version=&#8221;4.16&#8243; custom_padding=&#8221;|||&#8221; custom_padding_last_edited=&#8221;off|desktop&#8221; global_colors_info=&#8221;{}&#8221; padding_last_edited=&#8221;off|desktop&#8221; custom_padding__hover=&#8221;|||&#8221;][et_pb_text _builder_version=&#8221;4.16&#8243; text_font=&#8221;Verdana|500|||||||&#8221; text_font_size=&#8221;18px&#8221; text_letter_spacing=&#8221;3px&#8221; text_line_height=&#8221;1.8em&#8221; header_font=&#8221;Roboto|900|||||||&#8221; header_font_size=&#8221;65px&#8221; header_line_height=&#8221;1.2em&#8221; text_orientation=&#8221;center&#8221; background_layout=&#8221;dark&#8221; custom_margin=&#8221;11px|||||&#8221; header_font_size_tablet=&#8221;45px&#8221; header_font_size_phone=&#8221;35px&#8221; header_font_size_last_edited=&#8221;on|phone&#8221; text_text_shadow_style=&#8221;preset4&#8243; global_colors_info=&#8221;{}&#8221; header_2_font_size__hover=&#8221;26px&#8221; header_2_font_size__hover_enabled=&#8221;26px&#8221; header_2_letter_spacing__hover=&#8221;0px&#8221; header_2_letter_spacing__hover_enabled=&#8221;0px&#8221; header_2_line_height__hover=&#8221;1em&#8221; header_2_line_height__hover_enabled=&#8221;1em&#8221; header_2_text_shadow_style__hover=&#8221;none&#8221; header_2_text_shadow_style__hover_enabled=&#8221;none&#8221; header_2_text_shadow_color__hover=&#8221;rgba(0,0,0,0.4)&#8221; header_2_text_shadow_color__hover_enabled=&#8221;rgba(0,0,0,0.4)&#8221; header_3_font_size__hover=&#8221;22px&#8221; header_3_font_size__hover_enabled=&#8221;22px&#8221; header_3_letter_spacing__hover=&#8221;0px&#8221; header_3_letter_spacing__hover_enabled=&#8221;0px&#8221; header_3_line_height__hover=&#8221;1em&#8221; header_3_line_height__hover_enabled=&#8221;1em&#8221; header_3_text_shadow_style__hover=&#8221;none&#8221; header_3_text_shadow_style__hover_enabled=&#8221;none&#8221; header_3_text_shadow_color__hover=&#8221;rgba(0,0,0,0.4)&#8221; header_3_text_shadow_color__hover_enabled=&#8221;rgba(0,0,0,0.4)&#8221; header_font_size__hover=&#8221;22px&#8221; header_font_size__hover_enabled=&#8221;22px&#8221; header_letter_spacing__hover=&#8221;0px&#8221; header_letter_spacing__hover_enabled=&#8221;0px&#8221; header_line_height__hover=&#8221;1em&#8221; header_line_height__hover_enabled=&#8221;1em&#8221; header_text_shadow_style__hover=&#8221;none&#8221; header_text_shadow_style__hover_enabled=&#8221;none&#8221; header_text_shadow_color__hover=&#8221;rgba(0,0,0,0.4)&#8221; header_text_shadow_color__hover_enabled=&#8221;rgba(0,0,0,0.4)&#8221;]<\/p>\n<h1>Onmiddellijke aankoop<\/h1>\n<h3><\/h3>\n<p>[\/et_pb_text][\/et_pb_column][\/et_pb_row][\/et_pb_section][et_pb_section fb_built=&#8221;1&#8243; _builder_version=&#8221;4.16&#8243; _module_preset=&#8221;default&#8221; custom_margin=&#8221;-38px||-17px|||&#8221; global_colors_info=&#8221;{}&#8221;][et_pb_row _builder_version=&#8221;4.16&#8243; _module_preset=&#8221;default&#8221; custom_margin=&#8221;-3px|auto||auto||&#8221; global_colors_info=&#8221;{}&#8221;][et_pb_column type=&#8221;4_4&#8243; _builder_version=&#8221;4.16&#8243; _module_preset=&#8221;default&#8221; global_colors_info=&#8221;{}&#8221;][dsm_typing_effect typing_effect=&#8221;Bancontact &#8211; Mastercard &#8211; VISA &#8211; Paypal&#8221; _builder_version=&#8221;4.16&#8243; _module_preset=&#8221;1f7abc4e-4a01-4028-9945-d270542c2986&#8243; custom_margin_phone=&#8221;||0px||false|false&#8221; header_font_size_phone=&#8221;14px&#8221; header_line_height_phone=&#8221;1.3em&#8221; global_colors_info=&#8221;{}&#8221;][\/dsm_typing_effect][\/et_pb_column][\/et_pb_row][\/et_pb_section][et_pb_section fb_built=&#8221;1&#8243; _builder_version=&#8221;4.16&#8243; use_background_color_gradient=&#8221;on&#8221; background_color_gradient_stops=&#8221;#c71111 0%|#1a2064 100%&#8221; background_color_gradient_start=&#8221;#c71111&#8243; background_color_gradient_end=&#8221;#1a2064&#8243; custom_margin=&#8221;-32px|||||&#8221; custom_padding=&#8221;0px||0px||false|false&#8221; global_colors_info=&#8221;{}&#8221;][et_pb_row _builder_version=&#8221;4.16&#8243; background_size=&#8221;initial&#8221; background_position=&#8221;top_left&#8221; background_repeat=&#8221;repeat&#8221; width=&#8221;100%&#8221; custom_padding=&#8221;0px||||false|false&#8221; global_colors_info=&#8221;{}&#8221;][et_pb_column type=&#8221;4_4&#8243; _builder_version=&#8221;4.16&#8243; custom_padding=&#8221;|||&#8221; global_colors_info=&#8221;{}&#8221; custom_padding__hover=&#8221;|||&#8221;][dsm_perspective_image src=&#8221;https:\/\/bague-auto.be\/wp-content\/uploads\/2022\/01\/Bancontact-1.bmp&#8221; title_text=&#8221;Bancontact&#8221; align=&#8221;center&#8221; _builder_version=&#8221;4.16&#8243; _module_preset=&#8221;default&#8221; transform_scale=&#8221;90%|90%&#8221; transform_scale_tablet=&#8221;&#8221; transform_scale_phone=&#8221;76%|76%&#8221; transform_scale_last_edited=&#8221;on|phone&#8221; transform_translate_tablet=&#8221;&#8221; transform_translate_phone=&#8221;&#8221; transform_translate_last_edited=&#8221;on|desktop&#8221; transform_rotate_tablet=&#8221;&#8221; transform_rotate_phone=&#8221;&#8221; transform_rotate_last_edited=&#8221;on|desktop&#8221; transform_skew_tablet=&#8221;&#8221; transform_skew_phone=&#8221;&#8221; transform_skew_last_edited=&#8221;on|desktop&#8221; transform_origin_tablet=&#8221;&#8221; transform_origin_phone=&#8221;&#8221; transform_origin_last_edited=&#8221;on|desktop&#8221; transform_styles_last_edited=&#8221;on|phone&#8221; custom_margin=&#8221;40px|||||&#8221; custom_padding=&#8221;22px|||||&#8221; animation_style=&#8221;zoom&#8221; animation_duration=&#8221;1600ms&#8221; transform_styles_tablet=&#8221;&#8221; transform_styles_phone=&#8221;&#8221; border_radii=&#8221;on|11px|11px|11px|11px&#8221; border_width_all=&#8221;1px&#8221; global_colors_info=&#8221;{}&#8221;][\/dsm_perspective_image][et_pb_wc_title _builder_version=&#8221;4.16&#8243; header_font=&#8221;Verdana|600|||||||&#8221; header_text_align=&#8221;center&#8221; header_text_color=&#8221;#12D1C1&#8243; custom_margin=&#8221;-37px|||||&#8221; custom_padding=&#8221;43px|||||&#8221; header_text_align_tablet=&#8221;&#8221; header_text_align_phone=&#8221;center&#8221; header_text_align_last_edited=&#8221;on|phone&#8221; header_font_size_tablet=&#8221;&#8221; header_font_size_phone=&#8221;19px&#8221; header_font_size_last_edited=&#8221;on|phone&#8221; locked=&#8221;off&#8221; global_colors_info=&#8221;{}&#8221;][\/et_pb_wc_title][et_pb_text _builder_version=&#8221;4.16&#8243; _module_preset=&#8221;default&#8221; text_font=&#8221;Verdana|700|||||||&#8221; text_text_color=&#8221;#12D1C1&#8243; text_font_size=&#8221;24px&#8221; text_orientation=&#8221;center&#8221; custom_padding=&#8221;6px|||||&#8221; text_font_size_tablet=&#8221;&#8221; text_font_size_phone=&#8221;21px&#8221; text_font_size_last_edited=&#8221;on|phone&#8221; text_text_shadow_style=&#8221;preset4&#8243; text_text_shadow_horizontal_length=&#8221;0.03em&#8221; text_text_shadow_blur_strength=&#8221;0.22em&#8221; global_colors_info=&#8221;{}&#8221;]<\/p>\n<p>\u20ac 40,00 + Bpost \u20ac 6,00<\/p>\n<p>[\/et_pb_text][et_pb_wc_description _builder_version=&#8221;4.16&#8243; body_text_color=&#8221;#FFFFFF&#8221; link_text_color=&#8221;#FFFFFF&#8221; header_text_color=&#8221;#FFFFFF&#8221; background_layout=&#8221;dark&#8221; global_colors_info=&#8221;{}&#8221;][\/et_pb_wc_description][et_pb_code _builder_version=&#8221;4.16&#8243; _module_preset=&#8221;default&#8221; text_orientation=&#8221;left&#8221; global_colors_info=&#8221;{}&#8221;]<center><\/p>\n<form action=\"https:\/\/www.paypal.com\/cgi-bin\/webscr\" method=\"post\" target=\"_top\"><input type=\"hidden\" name=\"cmd\" value=\"_s-xclick\" \/> <input type=\"hidden\" name=\"hosted_button_id\" value=\"Y5HCVW45MENN2\" \/><!-- [et_pb_line_break_holder] --><\/p>\n<table><!-- [et_pb_line_break_holder] --><\/p>\n<tbody><!-- [et_pb_line_break_holder] --><\/p>\n<tr><!-- [et_pb_line_break_holder] --><\/p>\n<td><input type=\"hidden\" name=\"on0\" value=\"Votre commande\" \/><strong>Jouw bestelling :<\/strong><\/td>\n<p><!-- [et_pb_line_break_holder] --><\/tr>\n<p><!-- [et_pb_line_break_holder] --><\/p>\n<tr><!-- [et_pb_line_break_holder] --><\/p>\n<td><select name=\"os0\"><!-- [et_pb_line_break_holder] --><option value=\"4 ringen + 16 bouten 12x1.25\">4 ringen + 16 bouten 12&#215;1.25 : 36,00 EUR<\/option><!-- [et_pb_line_break_holder] --><option value=\"4 bagues + 16 boulons 12x1,50\">4 ringen + 16 bouten 12&#215;1.50 : 36,00 EUR<\/option><!-- [et_pb_line_break_holder] --><option value=\"4 bagues + 20 boulons 12x1,25\">4 ringen + 20  bouten 12&#215;1.25 : 40,00 EUR<\/option><!-- [et_pb_line_break_holder] --><option value=\"4 bagues + 20 boulons 12x1,50\">4 ringen + 20  bouten 12&#215;1.50 : 40,00 EU<\/option><!-- [et_pb_line_break_holder] --><option value=\"4 bagues + 20 boulons 14x1,25\">4 ringen + 20 bouten 14&#215;1,25 \u20ac40,00 EUR<\/option><!-- [et_pb_line_break_holder] --><option value=\"4 bagues + 20 boulons 14x1,50\">4 ringen + 20 bouten 14&#215;1,50 \u20ac40,00 EUR<\/option><!-- [et_pb_line_break_holder] --><\/select><\/td>\n<p><!-- [et_pb_line_break_holder] --><\/tr>\n<p><!-- [et_pb_line_break_holder] --><\/p>\n<tr><!-- [et_pb_line_break_holder] --><\/p>\n<td><input type=\"hidden\" name=\"on1\" value=\"Assise des boulons :\" \/><strong>Stoelbouten :<\/strong><\/td>\n<p><!-- [et_pb_line_break_holder] --><\/tr>\n<p><!-- [et_pb_line_break_holder] --><\/p>\n<tr><!-- [et_pb_line_break_holder] --><\/p>\n<td><select name=\"os1\"><!-- [et_pb_line_break_holder] --><option value=\"Sph\u00e9rique (jantes acier ou origine)\">Bolvormig (stalen of originele velgen)<\/option><!-- [et_pb_line_break_holder] --><option value=\"Conique (jantes alu)\">Conisch (aluminium velgen)<\/option><!-- [et_pb_line_break_holder] --><option value=\"Ecrous ferm\u00e9s 34 mm\">Gesloten moeren 34 mm<\/option><!-- [et_pb_line_break_holder] --><\/select><\/td>\n<p><!-- [et_pb_line_break_holder] --><\/tr>\n<p><!-- [et_pb_line_break_holder] --><\/p>\n<tr><!-- [et_pb_line_break_holder] --><\/p>\n<td><input type=\"hidden\" name=\"on2\" value=\"Dimensions des bagues :\" \/><strong>Ringafmetingen :<\/strong><\/td>\n<p><!-- [et_pb_line_break_holder] --><\/tr>\n<p><!-- [et_pb_line_break_holder] --><\/p>\n<tr><!-- [et_pb_line_break_holder] --><\/p>\n<td><input type=\"text\" name=\"os2\" maxlength=\"200\" \/><\/td>\n<p><!-- [et_pb_line_break_holder] --><\/tr>\n<p><!-- [et_pb_line_break_holder] --><\/tbody>\n<p><!-- [et_pb_line_break_holder] --><\/table>\n<p><!\u2013- [et_pb_br_holder] -\u2013><!-- [et_pb_line_break_holder] -->  <!-- [et_pb_line_break_holder] --><input type=\"hidden\" name=\"currency_code\" value=\"EUR\" \/> <input type=\"image\" src=\"https:\/\/www.paypalobjects.com\/nl_NL\/BE\/i\/btn\/btn_buynowCC_LG.gif\" name=\"submit\" alt=\"PayPal, le r\u00e9flexe s\u00e9curit\u00e9 pour payer en ligne\" border=\"0\" \/> <img loading=\"lazy\" decoding=\"async\" alt=\"\" src=\"https:\/\/www.paypalobjects.com\/fr_FR\/i\/scr\/pixel.gif\" width=\"1\" height=\"1\" border=\"0\" \/><\/form>\n<p><\/center>[\/et_pb_code][\/et_pb_column][\/et_pb_row][et_pb_row _builder_version=&#8221;4.16&#8243; _module_preset=&#8221;default&#8221; global_colors_info=&#8221;{}&#8221;][et_pb_column type=&#8221;4_4&#8243; _builder_version=&#8221;4.16&#8243; _module_preset=&#8221;default&#8221; global_colors_info=&#8221;{}&#8221;][et_pb_divider color=&#8221;#FFFFFF&#8221; _builder_version=&#8221;4.16&#8243; _module_preset=&#8221;default&#8221; global_colors_info=&#8221;{}&#8221;][\/et_pb_divider][\/et_pb_column][\/et_pb_row][et_pb_row custom_padding_last_edited=&#8221;on|phone&#8221; _builder_version=&#8221;4.16&#8243; custom_margin_tablet=&#8221;&#8221; custom_margin_phone=&#8221;||23px||false|false&#8221; custom_margin_last_edited=&#8221;on|phone&#8221; custom_padding=&#8221;0|0px|0|0px|false|false&#8221; custom_padding_tablet=&#8221;&#8221; custom_padding_phone=&#8221;0|0px||0px|false|false&#8221; background_color_phone=&#8221;#000000&#8243; background_last_edited=&#8221;on|phone&#8221; background_enable_color_phone=&#8221;on&#8221; global_colors_info=&#8221;{}&#8221;][et_pb_column type=&#8221;4_4&#8243; _builder_version=&#8221;4.16&#8243; custom_padding=&#8221;|||&#8221; global_colors_info=&#8221;{}&#8221; custom_padding__hover=&#8221;|||&#8221;][et_pb_slider _builder_version=&#8221;4.16&#8243; header_level=&#8221;h3&#8243; header_font=&#8221;Roboto|700|||||||&#8221; header_font_size=&#8221;16px&#8221; header_line_height=&#8221;1.6em&#8221; body_font=&#8221;Roboto|700|||||||&#8221; body_font_size=&#8221;40px&#8221; body_line_height=&#8221;1.4em&#8221; background_color_gradient_direction=&#8221;90deg&#8221; custom_button=&#8221;on&#8221; button_text_size=&#8221;10px&#8221; button_text_color=&#8221;#FFFFFF&#8221; button_bg_color=&#8221;#E02B20&#8243; button_border_width=&#8221;10px&#8221; button_border_color=&#8221;rgba(0,0,0,0)&#8221; button_border_radius=&#8221;0px&#8221; button_letter_spacing=&#8221;4px&#8221; button_font=&#8221;Roboto|700||on|||||&#8221; custom_margin_tablet=&#8221;&#8221; custom_margin_phone=&#8221;||31px||false|false&#8221; custom_margin_last_edited=&#8221;on|phone&#8221; custom_padding=&#8221;60px||80px&#8221; auto=&#8221;on&#8221; body_font_size_tablet=&#8221;30px&#8221; body_font_size_phone=&#8221;24px&#8221; body_font_size_last_edited=&#8221;on|phone&#8221; locked=&#8221;off&#8221; global_colors_info=&#8221;{}&#8221;][et_pb_slide heading=&#8221;U kunt ook bij ons terecht&#8221; button_text=&#8221;ALLEEN OP AFSPRAAK! &#8221; button_link=&#8221;https:\/\/bague-auto.be\/nl\/waar-kunt-u-ons-vinden\/&#8221; _builder_version=&#8221;4.16&#8243; header_font_size=&#8221;28px&#8221; body_font_size=&#8221;22px&#8221; background_enable_color=&#8221;off&#8221; background_enable_image=&#8221;off&#8221; custom_padding_tablet=&#8221;&#8221; custom_padding_phone=&#8221;||||true|false&#8221; custom_padding_last_edited=&#8221;on|phone&#8221; header_font_size_tablet=&#8221;&#8221; header_font_size_phone=&#8221;18px&#8221; header_font_size_last_edited=&#8221;on|phone&#8221; body_font_size_tablet=&#8221;&#8221; body_font_size_phone=&#8221;16px&#8221; body_font_size_last_edited=&#8221;on|phone&#8221; locked=&#8221;off&#8221; global_colors_info=&#8221;{}&#8221; sticky_transition=&#8221;on&#8221;]<\/p>\n<p><b>(eventueel met een rand)<\/b><\/p>\n<p>[\/et_pb_slide][\/et_pb_slider][\/et_pb_column][\/et_pb_row][\/et_pb_section]<\/p>\n","protected":false},"excerpt":{"rendered":"<p><center><strong>4 centreerringen + bouten of moeren<\/strong><\/center><center><center><strong>Maak hieronder uw keuze (Bpost verzending 8,00 euro)<\/strong><\/center><\/center><\/p>\n<div id=\"sconnect-is-installed\" style=\"display: none;\">2.12.0.0<\/div>\n","protected":false},"featured_media":1643,"template":"","meta":{"_et_pb_use_builder":"on","_et_pb_old_content":"<strong>U kunt betalen via overschrijving op de rekening<\/strong>\r\n\r\n<strong>ING BE64 3770 6494 3052<\/strong> <strong>namens Bague-Auto - 4802 Verviers<\/strong>\r\n\r\n<strong>Geef bij communicatie het gewenste formaat aan<\/strong>\r\n\r\n<strong>Vb: 666\/571 <\/strong>\r\n\r\n<strong>Je ringen worden verzonden na ontvangst van de betaling<\/strong>\r\n\r\n<strong>(je kan er ook een kopie van sturen naar<\/strong> <strong><a>info@bague-auto.be<\/a><\/strong> <a>)<\/a>\r\n<div id=\"sconnect-is-installed\">2.12.0.0<\/div>","_et_gb_content_width":""},"product_brand":[],"product_cat":[52],"product_tag":[],"class_list":{"0":"post-1702","1":"product","2":"type-product","3":"status-publish","4":"has-post-thumbnail","6":"product_cat-niet-geclassificeerd","8":"first","9":"instock","10":"shipping-taxable","11":"purchasable","12":"product-type-variable"},"_links":{"self":[{"href":"https:\/\/bague-auto.be\/nl\/wp-json\/wp\/v2\/product\/1702","targetHints":{"allow":["GET"]}}],"collection":[{"href":"https:\/\/bague-auto.be\/nl\/wp-json\/wp\/v2\/product"}],"about":[{"href":"https:\/\/bague-auto.be\/nl\/wp-json\/wp\/v2\/types\/product"}],"wp:featuredmedia":[{"embeddable":true,"href":"https:\/\/bague-auto.be\/nl\/wp-json\/wp\/v2\/media\/1643"}],"wp:attachment":[{"href":"https:\/\/bague-auto.be\/nl\/wp-json\/wp\/v2\/media?parent=1702"}],"wp:term":[{"taxonomy":"product_brand","embeddable":true,"href":"https:\/\/bague-auto.be\/nl\/wp-json\/wp\/v2\/product_brand?post=1702"},{"taxonomy":"product_cat","embeddable":true,"href":"https:\/\/bague-auto.be\/nl\/wp-json\/wp\/v2\/product_cat?post=1702"},{"taxonomy":"product_tag","embeddable":true,"href":"https:\/\/bague-auto.be\/nl\/wp-json\/wp\/v2\/product_tag?post=1702"}],"curies":[{"name":"wp","href":"https:\/\/api.w.org\/{rel}","templated":true}]}}